{"id":103,"date":"2020-10-28T09:51:20","date_gmt":"2020-10-28T08:51:20","guid":{"rendered":"http:\/\/begra.com\/?page_id=103"},"modified":"2024-06-28T09:14:13","modified_gmt":"2024-06-28T07:14:13","slug":"granules-de-pvc-pour-composants-electrotechniques","status":"publish","type":"page","link":"https:\/\/www.begra.com\/fr\/marches\/granules-de-pvc-pour-composants-electrotechniques\/","title":{"rendered":"Granul\u00e9s de PVC pour composants \u00e9lectrotechniques"},"content":{"rendered":"<p><strong>Chez BEGRA, vous trouverez la solution adapt\u00e9e \u00e0 votre application: des m\u00e9langes sur mesure pour le secteur de l&rsquo;\u00e9lectricit\u00e9 et de la construction.<\/strong><\/p>\n<p>Nos ing\u00e9nieurs de proc\u00e9d\u00e9s vous conseilleront sur la mani\u00e8re d\u2019augmenter votre qualit\u00e9 et de r\u00e9duire vos co\u00fbts en permanence avec les granul\u00e9s BEGRA.<\/p>\n<p><strong>Particularit\u00e9s<\/strong><\/p>\n<ul>\n<li>C\u00e2bles haute temp\u00e9rature (automobile) conformes \u00e0 ISO 6722 et Jaso \u00e0 125 \u00b0 C<\/li>\n<li>C\u00e2bles r\u00e9sistants \u00e0 l&rsquo;huile, CSA 22.2 \u00e0 UL 1277, FT4<\/li>\n<\/ul>\n<p><strong>Applications typiques pour nos compos\u00e9s<\/strong><\/p>\n<ul>\n<li>Conduits de c\u00e2ble<\/li>\n<li>C\u00e2ble NYM<\/li>\n<\/ul>\n<p><strong>Processus:<\/strong><\/p>\n<ul>\n<li>Extrusion<\/li>\n<li>Injection<\/li>\n<\/ul>\n","protected":false},"excerpt":{"rendered":"<p>Chez BEGRA, vous trouverez la solution adapt\u00e9e \u00e0 votre application: des m\u00e9langes sur mesure pour le secteur de l&rsquo;\u00e9lectricit\u00e9 et de la construction. Nos ing\u00e9nieurs de proc\u00e9d\u00e9s vous conseilleront sur la mani\u00e8re d\u2019augmenter votre qualit\u00e9 et de r\u00e9duire vos co\u00fbts en permanence avec les granul\u00e9s BEGRA. Particularit\u00e9s C\u00e2bles haute temp\u00e9rature (automobile) conformes \u00e0 ISO 6722 [&hellip;]<\/p>\n","protected":false},"author":1,"featured_media":0,"parent":54,"menu_order":3,"comment_status":"closed","ping_status":"closed","template":"","meta":{"_acf_changed":false,"footnotes":""},"class_list":["post-103","page","type-page","status-publish","hentry"],"acf":[],"yoast_head":"<!-- This site is optimized with the Yoast SEO plugin v23.1 - https:\/\/yoast.com\/wordpress\/plugins\/seo\/ -->\n<title>Granul\u00e9s de PVC pour composants \u00e9lectrotechniques - Begra FR<\/title>\n<meta name=\"robots\" content=\"index, follow, max-snippet:-1, max-image-preview:large, max-video-preview:-1\" \/>\n<link rel=\"canonical\" href=\"https:\/\/www.begra.com\/fr\/marches\/granules-de-pvc-pour-composants-electrotechniques\/\" \/>\n<meta property=\"og:locale\" content=\"fr_FR\" \/>\n<meta property=\"og:type\" content=\"article\" \/>\n<meta property=\"og:title\" content=\"Granul\u00e9s de PVC pour composants \u00e9lectrotechniques - Begra FR\" \/>\n<meta property=\"og:description\" content=\"Chez BEGRA, vous trouverez la solution adapt\u00e9e \u00e0 votre application: des m\u00e9langes sur mesure pour le secteur de l&rsquo;\u00e9lectricit\u00e9 et de la construction. Nos ing\u00e9nieurs de proc\u00e9d\u00e9s vous conseilleront sur la mani\u00e8re d\u2019augmenter votre qualit\u00e9 et de r\u00e9duire vos co\u00fbts en permanence avec les granul\u00e9s BEGRA. Particularit\u00e9s C\u00e2bles haute temp\u00e9rature (automobile) conformes \u00e0 ISO 6722 [&hellip;]\" \/>\n<meta property=\"og:url\" content=\"https:\/\/www.begra.com\/fr\/marches\/granules-de-pvc-pour-composants-electrotechniques\/\" \/>\n<meta property=\"og:site_name\" content=\"Begra FR\" \/>\n<meta property=\"article:modified_time\" content=\"2024-06-28T07:14:13+00:00\" \/>\n<meta name=\"twitter:card\" content=\"summary_large_image\" \/>\n<script type=\"application\/ld+json\" class=\"yoast-schema-graph\">{\"@context\":\"https:\/\/schema.org\",\"@graph\":[{\"@type\":\"WebPage\",\"@id\":\"https:\/\/www.begra.com\/fr\/marches\/granules-de-pvc-pour-composants-electrotechniques\/\",\"url\":\"https:\/\/www.begra.com\/fr\/marches\/granules-de-pvc-pour-composants-electrotechniques\/\",\"name\":\"Granul\u00e9s de PVC pour composants \u00e9lectrotechniques - Begra FR\",\"isPartOf\":{\"@id\":\"https:\/\/www.begra.com\/fr\/#website\"},\"datePublished\":\"2020-10-28T08:51:20+00:00\",\"dateModified\":\"2024-06-28T07:14:13+00:00\",\"breadcrumb\":{\"@id\":\"https:\/\/www.begra.com\/fr\/marches\/granules-de-pvc-pour-composants-electrotechniques\/#breadcrumb\"},\"inLanguage\":\"fr-FR\",\"potentialAction\":[{\"@type\":\"ReadAction\",\"target\":[\"https:\/\/www.begra.com\/fr\/marches\/granules-de-pvc-pour-composants-electrotechniques\/\"]}]},{\"@type\":\"BreadcrumbList\",\"@id\":\"https:\/\/www.begra.com\/fr\/marches\/granules-de-pvc-pour-composants-electrotechniques\/#breadcrumb\",\"itemListElement\":[{\"@type\":\"ListItem\",\"position\":1,\"name\":\"Home\",\"item\":\"https:\/\/www.begra.com\/fr\/\"},{\"@type\":\"ListItem\",\"position\":2,\"name\":\"March\u00e9s et applications\",\"item\":\"https:\/\/www.begra.com\/fr\/marches\/\"},{\"@type\":\"ListItem\",\"position\":3,\"name\":\"Granul\u00e9s de PVC pour composants \u00e9lectrotechniques\"}]},{\"@type\":\"WebSite\",\"@id\":\"https:\/\/www.begra.com\/fr\/#website\",\"url\":\"https:\/\/www.begra.com\/fr\/\",\"name\":\"Begra FR\",\"description\":\"Eine weitere WordPress-Website\",\"potentialAction\":[{\"@type\":\"SearchAction\",\"target\":{\"@type\":\"EntryPoint\",\"urlTemplate\":\"https:\/\/www.begra.com\/fr\/?s={search_term_string}\"},\"query-input\":\"required name=search_term_string\"}],\"inLanguage\":\"fr-FR\"}]}<\/script>\n<!-- \/ Yoast SEO plugin. -->","yoast_head_json":{"title":"Granul\u00e9s de PVC pour composants \u00e9lectrotechniques - Begra FR","robots":{"index":"index","follow":"follow","max-snippet":"max-snippet:-1","max-image-preview":"max-image-preview:large","max-video-preview":"max-video-preview:-1"},"canonical":"https:\/\/www.begra.com\/fr\/marches\/granules-de-pvc-pour-composants-electrotechniques\/","og_locale":"fr_FR","og_type":"article","og_title":"Granul\u00e9s de PVC pour composants \u00e9lectrotechniques - Begra FR","og_description":"Chez BEGRA, vous trouverez la solution adapt\u00e9e \u00e0 votre application: des m\u00e9langes sur mesure pour le secteur de l&rsquo;\u00e9lectricit\u00e9 et de la construction. Nos ing\u00e9nieurs de proc\u00e9d\u00e9s vous conseilleront sur la mani\u00e8re d\u2019augmenter votre qualit\u00e9 et de r\u00e9duire vos co\u00fbts en permanence avec les granul\u00e9s BEGRA. Particularit\u00e9s C\u00e2bles haute temp\u00e9rature (automobile) conformes \u00e0 ISO 6722 [&hellip;]","og_url":"https:\/\/www.begra.com\/fr\/marches\/granules-de-pvc-pour-composants-electrotechniques\/","og_site_name":"Begra FR","article_modified_time":"2024-06-28T07:14:13+00:00","twitter_card":"summary_large_image","schema":{"@context":"https:\/\/schema.org","@graph":[{"@type":"WebPage","@id":"https:\/\/www.begra.com\/fr\/marches\/granules-de-pvc-pour-composants-electrotechniques\/","url":"https:\/\/www.begra.com\/fr\/marches\/granules-de-pvc-pour-composants-electrotechniques\/","name":"Granul\u00e9s de PVC pour composants \u00e9lectrotechniques - Begra FR","isPartOf":{"@id":"https:\/\/www.begra.com\/fr\/#website"},"datePublished":"2020-10-28T08:51:20+00:00","dateModified":"2024-06-28T07:14:13+00:00","breadcrumb":{"@id":"https:\/\/www.begra.com\/fr\/marches\/granules-de-pvc-pour-composants-electrotechniques\/#breadcrumb"},"inLanguage":"fr-FR","potentialAction":[{"@type":"ReadAction","target":["https:\/\/www.begra.com\/fr\/marches\/granules-de-pvc-pour-composants-electrotechniques\/"]}]},{"@type":"BreadcrumbList","@id":"https:\/\/www.begra.com\/fr\/marches\/granules-de-pvc-pour-composants-electrotechniques\/#breadcrumb","itemListElement":[{"@type":"ListItem","position":1,"name":"Home","item":"https:\/\/www.begra.com\/fr\/"},{"@type":"ListItem","position":2,"name":"March\u00e9s et applications","item":"https:\/\/www.begra.com\/fr\/marches\/"},{"@type":"ListItem","position":3,"name":"Granul\u00e9s de PVC pour composants \u00e9lectrotechniques"}]},{"@type":"WebSite","@id":"https:\/\/www.begra.com\/fr\/#website","url":"https:\/\/www.begra.com\/fr\/","name":"Begra FR","description":"Eine weitere WordPress-Website","potentialAction":[{"@type":"SearchAction","target":{"@type":"EntryPoint","urlTemplate":"https:\/\/www.begra.com\/fr\/?s={search_term_string}"},"query-input":"required name=search_term_string"}],"inLanguage":"fr-FR"}]}},"_links":{"self":[{"href":"https:\/\/www.begra.com\/fr\/wp-json\/wp\/v2\/pages\/103","targetHints":{"allow":["GET"]}}],"collection":[{"href":"https:\/\/www.begra.com\/fr\/wp-json\/wp\/v2\/pages"}],"about":[{"href":"https:\/\/www.begra.com\/fr\/wp-json\/wp\/v2\/types\/page"}],"author":[{"embeddable":true,"href":"https:\/\/www.begra.com\/fr\/wp-json\/wp\/v2\/users\/1"}],"replies":[{"embeddable":true,"href":"https:\/\/www.begra.com\/fr\/wp-json\/wp\/v2\/comments?post=103"}],"version-history":[{"count":6,"href":"https:\/\/www.begra.com\/fr\/wp-json\/wp\/v2\/pages\/103\/revisions"}],"predecessor-version":[{"id":745,"href":"https:\/\/www.begra.com\/fr\/wp-json\/wp\/v2\/pages\/103\/revisions\/745"}],"up":[{"embeddable":true,"href":"https:\/\/www.begra.com\/fr\/wp-json\/wp\/v2\/pages\/54"}],"wp:attachment":[{"href":"https:\/\/www.begra.com\/fr\/wp-json\/wp\/v2\/media?parent=103"}],"curies":[{"name":"wp","href":"https:\/\/api.w.org\/{rel}","templated":true}]}}