{"id":54,"date":"2020-10-28T09:45:41","date_gmt":"2020-10-28T08:45:41","guid":{"rendered":"http:\/\/begra.com\/?page_id=54"},"modified":"2024-06-25T16:07:42","modified_gmt":"2024-06-25T14:07:42","slug":"marches","status":"publish","type":"page","link":"https:\/\/www.begra.com\/fr\/marches\/","title":{"rendered":"March\u00e9s et applications"},"content":{"rendered":"<p>BEGRA est un compoundeur de premier plan dans le domaine du granul\u00e9 de PVC dur et souple et des dry-blend. Naturel, transparent ou de couleur diff\u00e9rente, nous fournissons, entre autres &#8211; les industries suivantes dans la qualit\u00e9 souhait\u00e9e :<\/p>\n<ul>\n<li>construction<\/li>\n<li>Industrie \u00e9lectrique<\/li>\n<li>Industrie du meuble<\/li>\n<li>Industrie de l&#8217;emballage<\/li>\n<li>Industrie automobile<\/li>\n<li>industrie cosm\u00e9tique<\/li>\n<\/ul>\n<p>L&rsquo;infrastructure existante sur les sites de Berlin et de Homburg nous permet de d\u00e9velopper en permanence les sites de production respectifs.<\/p>\n<p>&nbsp;<\/p>\n<p><strong>Exemples d&rsquo;application:<\/strong><\/p>\n<ul>\n<li><strong>Extrusion<\/strong><\/li>\n<\/ul>\n<p>Profil\u00e9s pour fen\u00eatres et volets roulants, c\u00e2bles, gaines de c\u00e2bles, profils d&rsquo;\u00e9tanch\u00e9it\u00e9, tuyaux, profils techniques, profils de construction, tuyaux<\/p>\n<p>&nbsp;<\/p>\n<ul>\n<li><strong>Injection<\/strong><\/li>\n<\/ul>\n<p>Bouchons, couvercles \u00e9lectriques, raccords<\/p>\n<p>&nbsp;<\/p>\n<ul>\n<li><strong>Le moulage par soufflage<\/strong><\/li>\n<\/ul>\n<p>Bouteilles et r\u00e9cipients de toutes sortes, transparents ou color\u00e9s (cosm\u00e9tiques, industrie alimentaire, etc.)<\/p>\n","protected":false},"excerpt":{"rendered":"<p>BEGRA est un compoundeur de premier plan dans le domaine du granul\u00e9 de PVC dur et souple et des dry-blend. Naturel, transparent ou de couleur diff\u00e9rente, nous fournissons, entre autres &#8211; les industries suivantes dans la qualit\u00e9 souhait\u00e9e : construction Industrie \u00e9lectrique Industrie du meuble Industrie de l&#8217;emballage Industrie automobile industrie cosm\u00e9tique L&rsquo;infrastructure existante sur [&hellip;]<\/p>\n","protected":false},"author":1,"featured_media":0,"parent":0,"menu_order":0,"comment_status":"closed","ping_status":"closed","template":"","meta":{"_acf_changed":false,"footnotes":""},"class_list":["post-54","page","type-page","status-publish","hentry"],"acf":[],"yoast_head":"<!-- This site is optimized with the Yoast SEO plugin v23.1 - https:\/\/yoast.com\/wordpress\/plugins\/seo\/ -->\n<title>March\u00e9s et applications - Begra FR<\/title>\n<meta name=\"robots\" content=\"index, follow, max-snippet:-1, max-image-preview:large, max-video-preview:-1\" \/>\n<link rel=\"canonical\" href=\"https:\/\/www.begra.com\/fr\/marches\/\" \/>\n<meta property=\"og:locale\" content=\"fr_FR\" \/>\n<meta property=\"og:type\" content=\"article\" \/>\n<meta property=\"og:title\" content=\"March\u00e9s et applications - Begra FR\" \/>\n<meta property=\"og:description\" content=\"BEGRA est un compoundeur de premier plan dans le domaine du granul\u00e9 de PVC dur et souple et des dry-blend. Naturel, transparent ou de couleur diff\u00e9rente, nous fournissons, entre autres &#8211; les industries suivantes dans la qualit\u00e9 souhait\u00e9e : construction Industrie \u00e9lectrique Industrie du meuble Industrie de l&#8217;emballage Industrie automobile industrie cosm\u00e9tique L&rsquo;infrastructure existante sur [&hellip;]\" \/>\n<meta property=\"og:url\" content=\"https:\/\/www.begra.com\/fr\/marches\/\" \/>\n<meta property=\"og:site_name\" content=\"Begra FR\" \/>\n<meta property=\"article:modified_time\" content=\"2024-06-25T14:07:42+00:00\" \/>\n<meta name=\"twitter:card\" content=\"summary_large_image\" \/>\n<meta name=\"twitter:label1\" content=\"Dur\u00e9e de lecture estim\u00e9e\" \/>\n\t<meta name=\"twitter:data1\" content=\"1 minute\" \/>\n<script type=\"application\/ld+json\" class=\"yoast-schema-graph\">{\"@context\":\"https:\/\/schema.org\",\"@graph\":[{\"@type\":\"WebPage\",\"@id\":\"https:\/\/www.begra.com\/fr\/marches\/\",\"url\":\"https:\/\/www.begra.com\/fr\/marches\/\",\"name\":\"March\u00e9s et applications - Begra FR\",\"isPartOf\":{\"@id\":\"https:\/\/www.begra.com\/fr\/#website\"},\"datePublished\":\"2020-10-28T08:45:41+00:00\",\"dateModified\":\"2024-06-25T14:07:42+00:00\",\"breadcrumb\":{\"@id\":\"https:\/\/www.begra.com\/fr\/marches\/#breadcrumb\"},\"inLanguage\":\"fr-FR\",\"potentialAction\":[{\"@type\":\"ReadAction\",\"target\":[\"https:\/\/www.begra.com\/fr\/marches\/\"]}]},{\"@type\":\"BreadcrumbList\",\"@id\":\"https:\/\/www.begra.com\/fr\/marches\/#breadcrumb\",\"itemListElement\":[{\"@type\":\"ListItem\",\"position\":1,\"name\":\"Home\",\"item\":\"https:\/\/www.begra.com\/fr\/\"},{\"@type\":\"ListItem\",\"position\":2,\"name\":\"March\u00e9s et applications\"}]},{\"@type\":\"WebSite\",\"@id\":\"https:\/\/www.begra.com\/fr\/#website\",\"url\":\"https:\/\/www.begra.com\/fr\/\",\"name\":\"Begra FR\",\"description\":\"Eine weitere WordPress-Website\",\"potentialAction\":[{\"@type\":\"SearchAction\",\"target\":{\"@type\":\"EntryPoint\",\"urlTemplate\":\"https:\/\/www.begra.com\/fr\/?s={search_term_string}\"},\"query-input\":\"required name=search_term_string\"}],\"inLanguage\":\"fr-FR\"}]}<\/script>\n<!-- \/ Yoast SEO plugin. -->","yoast_head_json":{"title":"March\u00e9s et applications - Begra FR","robots":{"index":"index","follow":"follow","max-snippet":"max-snippet:-1","max-image-preview":"max-image-preview:large","max-video-preview":"max-video-preview:-1"},"canonical":"https:\/\/www.begra.com\/fr\/marches\/","og_locale":"fr_FR","og_type":"article","og_title":"March\u00e9s et applications - Begra FR","og_description":"BEGRA est un compoundeur de premier plan dans le domaine du granul\u00e9 de PVC dur et souple et des dry-blend. Naturel, transparent ou de couleur diff\u00e9rente, nous fournissons, entre autres &#8211; les industries suivantes dans la qualit\u00e9 souhait\u00e9e : construction Industrie \u00e9lectrique Industrie du meuble Industrie de l&#8217;emballage Industrie automobile industrie cosm\u00e9tique L&rsquo;infrastructure existante sur [&hellip;]","og_url":"https:\/\/www.begra.com\/fr\/marches\/","og_site_name":"Begra FR","article_modified_time":"2024-06-25T14:07:42+00:00","twitter_card":"summary_large_image","twitter_misc":{"Dur\u00e9e de lecture estim\u00e9e":"1 minute"},"schema":{"@context":"https:\/\/schema.org","@graph":[{"@type":"WebPage","@id":"https:\/\/www.begra.com\/fr\/marches\/","url":"https:\/\/www.begra.com\/fr\/marches\/","name":"March\u00e9s et applications - Begra FR","isPartOf":{"@id":"https:\/\/www.begra.com\/fr\/#website"},"datePublished":"2020-10-28T08:45:41+00:00","dateModified":"2024-06-25T14:07:42+00:00","breadcrumb":{"@id":"https:\/\/www.begra.com\/fr\/marches\/#breadcrumb"},"inLanguage":"fr-FR","potentialAction":[{"@type":"ReadAction","target":["https:\/\/www.begra.com\/fr\/marches\/"]}]},{"@type":"BreadcrumbList","@id":"https:\/\/www.begra.com\/fr\/marches\/#breadcrumb","itemListElement":[{"@type":"ListItem","position":1,"name":"Home","item":"https:\/\/www.begra.com\/fr\/"},{"@type":"ListItem","position":2,"name":"March\u00e9s et applications"}]},{"@type":"WebSite","@id":"https:\/\/www.begra.com\/fr\/#website","url":"https:\/\/www.begra.com\/fr\/","name":"Begra FR","description":"Eine weitere WordPress-Website","potentialAction":[{"@type":"SearchAction","target":{"@type":"EntryPoint","urlTemplate":"https:\/\/www.begra.com\/fr\/?s={search_term_string}"},"query-input":"required name=search_term_string"}],"inLanguage":"fr-FR"}]}},"_links":{"self":[{"href":"https:\/\/www.begra.com\/fr\/wp-json\/wp\/v2\/pages\/54","targetHints":{"allow":["GET"]}}],"collection":[{"href":"https:\/\/www.begra.com\/fr\/wp-json\/wp\/v2\/pages"}],"about":[{"href":"https:\/\/www.begra.com\/fr\/wp-json\/wp\/v2\/types\/page"}],"author":[{"embeddable":true,"href":"https:\/\/www.begra.com\/fr\/wp-json\/wp\/v2\/users\/1"}],"replies":[{"embeddable":true,"href":"https:\/\/www.begra.com\/fr\/wp-json\/wp\/v2\/comments?post=54"}],"version-history":[{"count":8,"href":"https:\/\/www.begra.com\/fr\/wp-json\/wp\/v2\/pages\/54\/revisions"}],"predecessor-version":[{"id":465,"href":"https:\/\/www.begra.com\/fr\/wp-json\/wp\/v2\/pages\/54\/revisions\/465"}],"wp:attachment":[{"href":"https:\/\/www.begra.com\/fr\/wp-json\/wp\/v2\/media?parent=54"}],"curies":[{"name":"wp","href":"https:\/\/api.w.org\/{rel}","templated":true}]}}